{"id":184,"date":"2019-06-20T10:02:25","date_gmt":"2019-06-20T08:02:25","guid":{"rendered":"http:\/\/durgun-avocat.fr\/?page_id=184"},"modified":"2025-12-02T11:11:20","modified_gmt":"2025-12-02T10:11:20","slug":"activites","status":"publish","type":"page","link":"https:\/\/www.durgun-avocat.fr\/index.php\/activites\/","title":{"rendered":"Domaines d&rsquo;intervention"},"content":{"rendered":"\n<p>Le Cabinet r\u00e9pond \u00e0 vos besoins gr\u00e2ce \u00e0 une analyse rigoureuse, pragmatique et personnalis\u00e9e dans les domaines du <strong>droit public<\/strong>. Disponible et r\u00e9actif, il s&rsquo;engage \u00e0 vos c\u00f4t\u00e9s et vous garantit une offre de services compl\u00e8te en mati\u00e8re de :<\/p>\n\n\n\n<figure class=\"wp-block-table\"><table class=\"has-fixed-layout\"><tbody><tr><td><\/td><td><\/td><td><\/td><\/tr><tr><td><span class=\"wp-rich-text-font-awesome-icon wp-font-awesome-icon\"><svg aria-hidden=\"true\" focusable=\"false\" data-prefix=\"fas\" data-icon=\"lightbulb\" class=\"svg-inline--fa fa-lightbulb \" role=\"img\" xmlns=\"http:\/\/www.w3.org\/2000\/svg\" viewBox=\"0 0 384 512\"><path fill=\"currentColor\" d=\"M292.9 384c7.3-22.3 21.9-42.5 38.4-59.9 32.7-34.4 52.7-80.9 52.7-132.1 0-106-86-192-192-192S0 86 0 192c0 51.2 20 97.7 52.7 132.1 16.5 17.4 31.2 37.6 38.4 59.9l201.7 0zM288 432l-192 0 0 16c0 44.2 35.8 80 80 80l32 0c44.2 0 80-35.8 80-80l0-16zM184 112c-39.8 0-72 32.2-72 72 0 13.3-10.7 24-24 24s-24-10.7-24-24c0-66.3 53.7-120 120-120 13.3 0 24 10.7 24 24s-10.7 24-24 24z\"><\/path><\/svg><\/span><strong>CONSEIL<\/strong><\/td><td><span class=\"wp-rich-text-font-awesome-icon wp-font-awesome-icon\"><svg aria-hidden=\"true\" focusable=\"false\" data-prefix=\"fas\" data-icon=\"scale-balanced\" class=\"svg-inline--fa fa-scale-balanced \" role=\"img\" xmlns=\"http:\/\/www.w3.org\/2000\/svg\" viewBox=\"0 0 640 512\"><path fill=\"currentColor\" d=\"M384 32l128 0c17.7 0 32 14.3 32 32s-14.3 32-32 32L398.4 96c-5.2 25.8-22.9 47.1-46.4 57.3l0 294.7 160 0c17.7 0 32 14.3 32 32s-14.3 32-32 32l-384 0c-17.7 0-32-14.3-32-32s14.3-32 32-32l160 0 0-294.7c-23.5-10.3-41.2-31.6-46.4-57.3L128 96c-17.7 0-32-14.3-32-32s14.3-32 32-32l128 0c14.6-19.4 37.8-32 64-32s49.4 12.6 64 32zm55.6 288L584.4 320 512 195.8 439.6 320zM512 416c-62.9 0-115.2-34-126-78.9-2.6-11 1-22.3 6.7-32.1l95.2-163.2c5-8.6 14.2-13.8 24.1-13.8s19.1 5.3 24.1 13.8l95.2 163.2c5.7 9.8 9.3 21.1 6.7 32.1-10.8 44.8-63.1 78.9-126 78.9zM126.8 195.8L54.4 320 199.3 320 126.8 195.8zM.9 337.1c-2.6-11 1-22.3 6.7-32.1l95.2-163.2c5-8.6 14.2-13.8 24.1-13.8s19.1 5.3 24.1 13.8l95.2 163.2c5.7 9.8 9.3 21.1 6.7 32.1-10.8 44.8-63.1 78.9-126 78.9S11.7 382 .9 337.1z\"><\/path><\/svg><\/span> <strong>CONTENTIEUX<\/strong><\/td><td><span class=\"wp-rich-text-font-awesome-icon wp-font-awesome-icon\"><svg aria-hidden=\"true\" focusable=\"false\" data-prefix=\"fas\" data-icon=\"graduation-cap\" class=\"svg-inline--fa fa-graduation-cap \" role=\"img\" xmlns=\"http:\/\/www.w3.org\/2000\/svg\" viewBox=\"0 0 576 512\"><path fill=\"currentColor\" d=\"M48 195.8l209.2 86.1c9.8 4 20.2 6.1 30.8 6.1s21-2.1 30.8-6.1l242.4-99.8c9-3.7 14.8-12.4 14.8-22.1s-5.8-18.4-14.8-22.1L318.8 38.1C309 34.1 298.6 32 288 32s-21 2.1-30.8 6.1L14.8 137.9C5.8 141.6 0 150.3 0 160L0 456c0 13.3 10.7 24 24 24s24-10.7 24-24l0-260.2zm48 71.7L96 384c0 53 86 96 192 96s192-43 192-96l0-116.6-142.9 58.9c-15.6 6.4-32.2 9.7-49.1 9.7s-33.5-3.3-49.1-9.7L96 267.4z\"><\/path><\/svg><\/span> <strong>FORMATION<\/strong><\/td><\/tr><tr><td>Le Cabinet vous aide \u00e0 <br>prendre des d\u00e9cisions qui r\u00e9pondent \u00e0 vos besoins. Il vous conseille pour <br>anticiper et pr\u00e9venir les<br>proc\u00e9dures. Il s\u00e9curise la <br>vie juridique de votre <br>projet \u00e0 chaque \u00e9tape de son d\u00e9veloppement, et \u00e9labore les actes aff\u00e9rents.<br><br><br><\/td><td>Le Cabinet vous <br>repr\u00e9sente devant les <br>juridictions <br>administratives, en premi\u00e8re instance comme en appel. <br>Le Cabinet vous d\u00e9fend \u00e9galement devants les juridictions judiciaires, r\u00e9pressives <br>et sp\u00e9cialis\u00e9es dans  les proc\u00e9dures en lien avec le droit public. Il vous <br>informe des enjeux de la proc\u00e9dures et \u00e9labore <br>une strat\u00e9gie la mieux \u00e0 m\u00eame de pr\u00e9server vos <br>int\u00e9r\u00eats.<\/td><td>Le Cabinet anime des <br>formations sur-mesure \u00e0 destination de ses clients personnes publiques et <br>entreprises. Pour en <br>savoir plus, nous <br>consulter.<br><br><br><br><\/td><\/tr><\/tbody><\/table><\/figure>\n\n\n\n\n\n\n\n<p>Le Cabinet  assiste \u00e9galement ses clients dans les d\u00e9marches amiables (notamment en m\u00e9diation) et en expertise. <\/p>\n\n\n\n<p>Le Cabinet intervient dans toutes les mati\u00e8res int\u00e9ressant le droit public, en particulier :<\/p>\n\n\n\n<figure class=\"wp-block-table\"><table><tbody><tr><td><\/td><\/tr><tr><td><span class=\"wp-rich-text-font-awesome-icon wp-font-awesome-icon\"><svg aria-hidden=\"true\" focusable=\"false\" data-prefix=\"fas\" data-icon=\"file-signature\" class=\"svg-inline--fa fa-file-signature \" role=\"img\" xmlns=\"http:\/\/www.w3.org\/2000\/svg\" viewBox=\"0 0 640 512\"><path fill=\"currentColor\" d=\"M64.1 64c0-35.3 28.7-64 64-64L277.6 0c17 0 33.3 6.7 45.3 18.7L429.3 125.3c12 12 18.7 28.3 18.7 45.3l0 97.5-132 132-42.1 0-16.1-53.6c-4.7-15.7-19.1-26.4-35.5-26.4-11.3 0-21.9 5.1-28.9 13.9L133.3 409c-8.3 10.3-6.6 25.5 3.7 33.7s25.5 6.6 33.7-3.8l47.1-58.8 15.2 50.7c3 10.2 12.4 17.1 23 17.1l31.5 0c-.9 3.1-1.7 6.3-2.3 9.5l-10.9 54.5-146.2 0c-35.3 0-64-28.7-64-64l0-384zm208-5.5l0 93.5c0 13.3 10.7 24 24 24l93.5 0-117.5-117.5zm60.2 408.4c2.5-12.4 8.6-23.8 17.5-32.7l118.9-118.9 80 80-118.9 118.9c-8.9 8.9-20.3 15-32.7 17.5l-59.6 11.9c-.9 .2-1.9 .3-2.9 .3-8 0-14.6-6.5-14.6-14.6 0-1 .1-1.9 .3-2.9l11.9-59.6zm267.8-123l-28.8 28.8-80-80 28.8-28.8c22.1-22.1 57.9-22.1 80 0s22.1 57.9 0 80z\"><\/path><\/svg><\/span> <strong>DROIT DE LA COMMANDE PUBLIQUE<\/strong><\/td><\/tr><\/tbody><\/table><\/figure>\n\n\n\n\n\n<p>Assistance au choix du mode de gestion et \u00e0 la passation de contrats publics de toute nature (march\u00e9s publics, DSP, baux emphyt\u00e9otiques administratifs\u2026) et dans leur ex\u00e9cution (ordre de services, p\u00e9nalit\u00e9s de retard, r\u00e9siliation, acompte, garanties, r\u00e9clamations financi\u00e8res&#8230;). Repr\u00e9sentation dans le cadre du contentieux des r\u00e9f\u00e9r\u00e9s pr\u00e9-contractuel et contractuel, proc\u00e9dure d&rsquo;arr\u00eat des comptes, etc. <\/p>\n\n\n\n<p><span class=\"wp-rich-text-font-awesome-icon wp-font-awesome-icon\"><svg aria-hidden=\"true\" focusable=\"false\" data-prefix=\"fas\" data-icon=\"check\" class=\"svg-inline--fa fa-check \" role=\"img\" xmlns=\"http:\/\/www.w3.org\/2000\/svg\" viewBox=\"0 0 448 512\"><path fill=\"currentColor\" d=\"M434.8 70.1c14.3 10.4 17.5 30.4 7.1 44.7l-256 352c-5.5 7.6-14 12.3-23.4 13.1s-18.5-2.7-25.1-9.3l-128-128c-12.5-12.5-12.5-32.8 0-45.3s32.8-12.5 45.3 0l101.5 101.5 234-321.7c10.4-14.3 30.4-17.5 44.7-7.1z\"><\/path><\/svg><\/span> Une approche r\u00e9solument proactive, orient\u00e9e vers l\u2019efficacit\u00e9 et la ma\u00eetrise du risque.<\/p>\n\n\n\n<figure class=\"wp-block-table\"><table><tbody><tr><td><\/td><\/tr><tr><td><span class=\"wp-rich-text-font-awesome-icon wp-font-awesome-icon\"><svg aria-hidden=\"true\" focusable=\"false\" data-prefix=\"fas\" data-icon=\"tree-city\" class=\"svg-inline--fa fa-tree-city \" role=\"img\" xmlns=\"http:\/\/www.w3.org\/2000\/svg\" viewBox=\"0 0 640 512\"><path fill=\"currentColor\" d=\"M288 48c0-26.5 21.5-48 48-48l96 0c26.5 0 48 21.5 48 48l0 48 48 0 0-72c0-13.3 10.7-24 24-24s24 10.7 24 24l0 72 16 0c26.5 0 48 21.5 48 48l0 320c0 26.5-21.5 48-48 48l-256 0c-26.5 0-48-21.5-48-48l0-416zm64 64l0 32c0 8.8 7.2 16 16 16l32 0c8.8 0 16-7.2 16-16l0-32c0-8.8-7.2-16-16-16l-32 0c-8.8 0-16 7.2-16 16zm16 80c-8.8 0-16 7.2-16 16l0 32c0 8.8 7.2 16 16 16l32 0c8.8 0 16-7.2 16-16l0-32c0-8.8-7.2-16-16-16l-32 0zM352 304l0 32c0 8.8 7.2 16 16 16l32 0c8.8 0 16-7.2 16-16l0-32c0-8.8-7.2-16-16-16l-32 0c-8.8 0-16 7.2-16 16zM528 192c-8.8 0-16 7.2-16 16l0 32c0 8.8 7.2 16 16 16l32 0c8.8 0 16-7.2 16-16l0-32c0-8.8-7.2-16-16-16l-32 0zM512 304l0 32c0 8.8 7.2 16 16 16l32 0c8.8 0 16-7.2 16-16l0-32c0-8.8-7.2-16-16-16l-32 0c-8.8 0-16 7.2-16 16zM96 480l0-160-16 0c-44.2 0-80-35.8-80-80 0-26.7 13.1-50.3 33.2-64.9-.8-4.9-1.2-10-1.2-15.1 0-53 43-96 96-96s96 43 96 96l0 96c0 35.3-28.7 64-64 64l0 160c0 17.7-14.3 32-32 32s-32-14.3-32-32z\"><\/path><\/svg><\/span> <strong>URBANISME <\/strong><\/td><\/tr><\/tbody><\/table><\/figure>\n\n\n\n<p>Autorisation d&rsquo;urbanisme (permis de construire, d&rsquo;am\u00e9nager), expropriation (DUP et arr\u00eat\u00e9 de cessibilit\u00e9, fixation judiciaire des indemnit\u00e9s), droit de pr\u00e9emption, servitudes, taxes et participation, expertises, PLU\/SCOT, droit de la construction (responsabilit\u00e9, garanties contractuelles et l\u00e9gales)&#8230;<\/p>\n\n\n\n<p><span class=\"wp-rich-text-font-awesome-icon wp-font-awesome-icon\"><svg aria-hidden=\"true\" focusable=\"false\" data-prefix=\"fas\" data-icon=\"check\" class=\"svg-inline--fa fa-check \" role=\"img\" xmlns=\"http:\/\/www.w3.org\/2000\/svg\" viewBox=\"0 0 448 512\"><path fill=\"currentColor\" d=\"M434.8 70.1c14.3 10.4 17.5 30.4 7.1 44.7l-256 352c-5.5 7.6-14 12.3-23.4 13.1s-18.5-2.7-25.1-9.3l-128-128c-12.5-12.5-12.5-32.8 0-45.3s32.8-12.5 45.3 0l101.5 101.5 234-321.7c10.4-14.3 30.4-17.5 44.7-7.1z\"><\/path><\/svg><\/span> Un accompagnement pr\u00e9cis, r\u00e9actif pour la s\u00e9curisation de montages complexes.<\/p>\n\n\n\n<figure class=\"wp-block-table\"><table><tbody><tr><td><\/td><\/tr><tr><td> <span class=\"wp-rich-text-font-awesome-icon wp-font-awesome-icon\"><svg aria-hidden=\"true\" focusable=\"false\" data-prefix=\"fas\" data-icon=\"people-roof\" class=\"svg-inline--fa fa-people-roof \" role=\"img\" xmlns=\"http:\/\/www.w3.org\/2000\/svg\" viewBox=\"0 0 576 512\"><path fill=\"currentColor\" d=\"M302.3-12.6c-9-4.5-19.6-4.5-28.6 0l-256 128C1.9 123.3-4.5 142.5 3.4 158.3s27.1 22.2 42.9 14.3L288 51.8 529.7 172.6c15.8 7.9 35 1.5 42.9-14.3s1.5-35-14.3-42.9l-256-128zM288 272a56 56 0 1 0 0-112 56 56 0 1 0 0 112zm0 48c-53 0-96 43-96 96l0 32c0 17.7 14.3 32 32 32l128 0c17.7 0 32-14.3 32-32l0-32c0-53-43-96-96-96zM160 256a48 48 0 1 0 -96 0 48 48 0 1 0 96 0zm352 0a48 48 0 1 0 -96 0 48 48 0 1 0 96 0zM112 336c-44.2 0-80 35.8-80 80l0 33.1c0 17 13.8 30.9 30.9 30.9l87.8 0c-4.3-9.8-6.7-20.6-6.7-32l0-48c0-18.4 3.5-36 9.8-52.2-12.2-7.5-26.5-11.8-41.8-11.8zM425.4 480l87.8 0c17 0 30.9-13.8 30.9-30.9l0-33.1c0-44.2-35.8-80-80-80-15.3 0-29.6 4.3-41.8 11.8 6.3 16.2 9.8 33.8 9.8 52.2l0 48c0 11.4-2.4 22.2-6.7 32z\"><\/path><\/svg><\/span> <strong>DROIT DE LA FONCTION PUBLIQUE HOSPITALI\u00c8RE, TERRITORIALE ET D\u2019\u00c9TAT<\/strong><\/td><\/tr><\/tbody><\/table><\/figure>\n\n\n\n\n\n<p>\u00c9valuation professionnelle (entretien annuel et notation), sanctions  disciplinaires, cong\u00e9s, reclassement, harc\u00e8lement moral et sexuel,  droits des contractuels, mutation, retraite, reconstitution de carri\u00e8re,  accidents de service, abandon de poste, syndicats, concours&#8230; <\/p>\n\n\n\n<p><span class=\"wp-rich-text-font-awesome-icon wp-font-awesome-icon\"><svg aria-hidden=\"true\" focusable=\"false\" data-prefix=\"fas\" data-icon=\"check\" class=\"svg-inline--fa fa-check \" role=\"img\" xmlns=\"http:\/\/www.w3.org\/2000\/svg\" viewBox=\"0 0 448 512\"><path fill=\"currentColor\" d=\"M434.8 70.1c14.3 10.4 17.5 30.4 7.1 44.7l-256 352c-5.5 7.6-14 12.3-23.4 13.1s-18.5-2.7-25.1-9.3l-128-128c-12.5-12.5-12.5-32.8 0-45.3s32.8-12.5 45.3 0l101.5 101.5 234-321.7c10.4-14.3 30.4-17.5 44.7-7.1z\"><\/path><\/svg><\/span> Une intervention empreinte de tact et de rigueur.<\/p>\n\n\n\n<figure class=\"wp-block-table\"><table><tbody><tr><td><\/td><\/tr><tr><td><strong> <\/strong><span class=\"wp-rich-text-font-awesome-icon wp-font-awesome-icon\"><svg aria-hidden=\"true\" focusable=\"false\" data-prefix=\"fas\" data-icon=\"landmark-flag\" class=\"svg-inline--fa fa-landmark-flag \" role=\"img\" xmlns=\"http:\/\/www.w3.org\/2000\/svg\" viewBox=\"0 0 512 512\"><path fill=\"currentColor\" d=\"M352-32L240-32c-8.8 0-16 7.2-16 16l0 144-176 0c-17.7 0-32 14.3-32 32s14.3 32 32 32l16 0 0 224-51.2 38.4C4.7 460.4 0 469.9 0 480 0 497.7 14.3 512 32 512l448 0c17.7 0 32-14.3 32-32 0-10.1-4.7-19.6-12.8-25.6l-51.2-38.4 0-224 16 0c17.7 0 32-14.3 32-32s-14.3-32-32-32l-192 0 0-64 80 0c8.8 0 16-7.2 16-16l0-64c0-8.8-7.2-16-16-16zm48 224l0 224-64 0 0-224 64 0zm-112 0l0 224-64 0 0-224 64 0zm-112 0l0 224-64 0 0-224 64 0z\"><\/path><\/svg><\/span><strong> DROIT ADMINISTRATIF<\/strong> <strong>G\u00c9N\u00c9RAL<\/strong><\/td><\/tr><\/tbody><\/table><\/figure>\n\n\n\n<p>Responsabilit\u00e9 administrative, services publics, police administrative (troubles \u00e0 l&rsquo;ordre public, manifestation sur la voie publique, immeubles mena\u00e7ants ruine&#8230;), sanction administrative, actes administratif unilat\u00e9ral (refus de titre de s\u00e9jour, arr\u00eat\u00e9 de nomination&#8230;), acc\u00e8s aux documents administratifs&#8230;<\/p>\n\n\n\n<p><span class=\"wp-rich-text-font-awesome-icon wp-font-awesome-icon\"><svg aria-hidden=\"true\" focusable=\"false\" data-prefix=\"fas\" data-icon=\"check\" class=\"svg-inline--fa fa-check \" role=\"img\" xmlns=\"http:\/\/www.w3.org\/2000\/svg\" viewBox=\"0 0 448 512\"><path fill=\"currentColor\" d=\"M434.8 70.1c14.3 10.4 17.5 30.4 7.1 44.7l-256 352c-5.5 7.6-14 12.3-23.4 13.1s-18.5-2.7-25.1-9.3l-128-128c-12.5-12.5-12.5-32.8 0-45.3s32.8-12.5 45.3 0l101.5 101.5 234-321.7c10.4-14.3 30.4-17.5 44.7-7.1z\"><\/path><\/svg><\/span> Une pr\u00e9cision technique alliant analyse strat\u00e9gique et sens aigu du d\u00e9tail.<\/p>\n\n\n\n<figure class=\"wp-block-table\"><table><tbody><tr><td><\/td><\/tr><tr><td><span class=\"wp-rich-text-font-awesome-icon wp-font-awesome-icon\"><svg aria-hidden=\"true\" focusable=\"false\" data-prefix=\"fas\" data-icon=\"percent\" class=\"svg-inline--fa fa-percent \" role=\"img\" xmlns=\"http:\/\/www.w3.org\/2000\/svg\" viewBox=\"0 0 448 512\"><path fill=\"currentColor\" d=\"M192 128a96 96 0 1 0 -192 0 96 96 0 1 0 192 0zM448 384a96 96 0 1 0 -192 0 96 96 0 1 0 192 0zM438.6 86.6c12.5-12.5 12.5-32.8 0-45.3s-32.8-12.5-45.3 0l-384 384c-12.5 12.5-12.5 32.8 0 45.3s32.8 12.5 45.3 0l384-384z\"><\/path><\/svg><\/span> <strong>DROIT DE LA PROPRI\u00c9T\u00c9 DES PERSONNES PUBLIQUES<\/strong><\/td><\/tr><\/tbody><\/table><\/figure>\n\n\n\n\n\n<p>Domaine public et propri\u00e9t\u00e9s priv\u00e9es des personnes publiques (acquisition, cession , valorisation&#8230;), occupations domaniales (AOT, bail emphyt\u00e9otique, redevances&#8230;)&#8230;<\/p>\n\n\n\n<p><span class=\"wp-rich-text-font-awesome-icon wp-font-awesome-icon\"><svg aria-hidden=\"true\" focusable=\"false\" data-prefix=\"fas\" data-icon=\"check\" class=\"svg-inline--fa fa-check \" role=\"img\" xmlns=\"http:\/\/www.w3.org\/2000\/svg\" viewBox=\"0 0 448 512\"><path fill=\"currentColor\" d=\"M434.8 70.1c14.3 10.4 17.5 30.4 7.1 44.7l-256 352c-5.5 7.6-14 12.3-23.4 13.1s-18.5-2.7-25.1-9.3l-128-128c-12.5-12.5-12.5-32.8 0-45.3s32.8-12.5 45.3 0l101.5 101.5 234-321.7c10.4-14.3 30.4-17.5 44.7-7.1z\"><\/path><\/svg><\/span> Une expertise au service d\u2019une prise de d\u00e9cisions \u00e9clair\u00e9es.<\/p>\n\n\n\n<p><\/p>\n","protected":false},"excerpt":{"rendered":"<p>Le Cabinet r\u00e9pond \u00e0 vos besoins gr\u00e2ce \u00e0 une analyse rigoureuse, pragmatique et personnalis\u00e9e dans les domaines du droit public. Disponible et r\u00e9actif, il s&rsquo;engage \u00e0 vos c\u00f4t\u00e9s et vous garantit une offre de services compl\u00e8te en mati\u00e8re de : CONSEIL CONTENTIEUX FORMATION Le Cabinet vous aide \u00e0 prendre des d\u00e9cisions qui r\u00e9pondent \u00e0 vos &hellip; <\/p>\n<p class=\"link-more\"><a href=\"https:\/\/www.durgun-avocat.fr\/index.php\/activites\/\" class=\"more-link\">Continuer la lecture<span class=\"screen-reader-text\"> de &laquo;&nbsp;Domaines d&rsquo;intervention&nbsp;&raquo;<\/span><\/a><\/p>\n","protected":false},"author":1,"featured_media":0,"parent":0,"menu_order":0,"comment_status":"closed","ping_status":"closed","template":"","meta":{"footnotes":""},"class_list":["post-184","page","type-page","status-publish","hentry"],"_links":{"self":[{"href":"https:\/\/www.durgun-avocat.fr\/index.php\/wp-json\/wp\/v2\/pages\/184","targetHints":{"allow":["GET"]}}],"collection":[{"href":"https:\/\/www.durgun-avocat.fr\/index.php\/wp-json\/wp\/v2\/pages"}],"about":[{"href":"https:\/\/www.durgun-avocat.fr\/index.php\/wp-json\/wp\/v2\/types\/page"}],"author":[{"embeddable":true,"href":"https:\/\/www.durgun-avocat.fr\/index.php\/wp-json\/wp\/v2\/users\/1"}],"replies":[{"embeddable":true,"href":"https:\/\/www.durgun-avocat.fr\/index.php\/wp-json\/wp\/v2\/comments?post=184"}],"version-history":[{"count":67,"href":"https:\/\/www.durgun-avocat.fr\/index.php\/wp-json\/wp\/v2\/pages\/184\/revisions"}],"predecessor-version":[{"id":560,"href":"https:\/\/www.durgun-avocat.fr\/index.php\/wp-json\/wp\/v2\/pages\/184\/revisions\/560"}],"wp:attachment":[{"href":"https:\/\/www.durgun-avocat.fr\/index.php\/wp-json\/wp\/v2\/media?parent=184"}],"curies":[{"name":"wp","href":"https:\/\/api.w.org\/{rel}","templated":true}]}}