{"id":61,"date":"2019-06-12T20:53:19","date_gmt":"2019-06-12T18:53:19","guid":{"rendered":"http:\/\/durgun-avocat.fr\/?page_id=61"},"modified":"2025-12-01T17:31:29","modified_gmt":"2025-12-01T16:31:29","slug":"honoraires","status":"publish","type":"page","link":"https:\/\/www.durgun-avocat.fr\/index.php\/honoraires\/","title":{"rendered":"Honoraires"},"content":{"rendered":"\n<p>Les honoraires sont libres et fix\u00e9s en accord avec le client. Il est notamment tenu compte de la nature du dossier, de sa complexit\u00e9, de la situation personnelle du client et des frais expos\u00e9s par le Cabinet, conform\u00e9ment aux principes qui r\u00e9gissent la  profession.<\/p>\n\n\n\n<p>Le paiement des honoraires s\u2019effectue au fur et \u00e0 mesure de  l\u2019accomplissement des diligences de l\u2019avocat, sous forme de  provision. \u00c0 d\u00e9faut de paiement de la provision  demand\u00e9e, l&rsquo;avocat se r\u00e9serve le  droit de ne pas poursuivre sa mission dans les conditions pr\u00e9vues \u00e0  l\u2019article 13 du  d\u00e9cret n\u00b0 2005-790 du 12 juillet 2005 relatif aux r\u00e8gles de  d\u00e9ontologie de la profession d&rsquo;avocat. <\/p>\n\n\n\n<p>\u00c0 l&rsquo;issue de sa mission, l&rsquo;avocat transmet au client un d\u00e9compte r\u00e9capitulatif faisant \u00e9tat des montants r\u00e9gl\u00e9s et du solde restant d\u00fb s&rsquo;il y a lieu.<\/p>\n\n\n\n<figure class=\"wp-block-table\"><table><tbody><tr><td><\/td><\/tr><tr><td><span class=\"wp-rich-text-font-awesome-icon wp-font-awesome-icon\"><svg aria-hidden=\"true\" focusable=\"false\" data-prefix=\"fas\" data-icon=\"circle-question\" class=\"svg-inline--fa fa-circle-question \" role=\"img\" xmlns=\"http:\/\/www.w3.org\/2000\/svg\" viewBox=\"0 0 512 512\"><path fill=\"currentColor\" d=\"M256 512a256 256 0 1 0 0-512 256 256 0 1 0 0 512zm0-336c-17.7 0-32 14.3-32 32 0 13.3-10.7 24-24 24s-24-10.7-24-24c0-44.2 35.8-80 80-80s80 35.8 80 80c0 47.2-36 67.2-56 74.5l0 3.8c0 13.3-10.7 24-24 24s-24-10.7-24-24l0-8.1c0-20.5 14.8-35.2 30.1-40.2 6.4-2.1 13.2-5.5 18.2-10.3 4.3-4.2 7.7-10 7.7-19.6 0-17.7-14.3-32-32-32zM224 368a32 32 0 1 1 64 0 32 32 0 1 1 -64 0z\"><\/path><\/svg><\/span> <strong>PREMIER RENDEZ-VOUS<\/strong><\/td><\/tr><\/tbody><\/table><\/figure>\n\n\n\n<p>Le premier rendez-vous est essentiel pour comprendre votre besoin. Le Cabinet \u00e9tablit un devis avant toute intervention, suivie d&rsquo;une convention d&rsquo;honoraires.<\/p>\n\n\n\n<figure class=\"wp-block-table\"><table><tbody><tr><td><\/td><\/tr><tr><td><span class=\"wp-rich-text-font-awesome-icon wp-font-awesome-icon\"><svg aria-hidden=\"true\" focusable=\"false\" data-prefix=\"fas\" data-icon=\"receipt\" class=\"svg-inline--fa fa-receipt \" role=\"img\" xmlns=\"http:\/\/www.w3.org\/2000\/svg\" viewBox=\"0 0 384 512\"><path fill=\"currentColor\" d=\"M14 2.2C22.5-1.7 32.5-.3 39.6 5.8L80 40.4 120.4 5.8c9-7.7 22.3-7.7 31.2 0L192 40.4 232.4 5.8c9-7.7 22.2-7.7 31.2 0L304 40.4 344.4 5.8c7.1-6.1 17.1-7.5 25.6-3.6S384 14.6 384 24l0 464c0 9.4-5.5 17.9-14 21.8s-18.5 2.5-25.6-3.6l-40.4-34.6-40.4 34.6c-9 7.7-22.2 7.7-31.2 0l-40.4-34.6-40.4 34.6c-9 7.7-22.3 7.7-31.2 0L80 471.6 39.6 506.2c-7.1 6.1-17.1 7.5-25.6 3.6S0 497.4 0 488L0 24C0 14.6 5.5 6.1 14 2.2zM104 136c-13.3 0-24 10.7-24 24s10.7 24 24 24l176 0c13.3 0 24-10.7 24-24s-10.7-24-24-24l-176 0zM80 352c0 13.3 10.7 24 24 24l176 0c13.3 0 24-10.7 24-24s-10.7-24-24-24l-176 0c-13.3 0-24 10.7-24 24zm24-120c-13.3 0-24 10.7-24 24s10.7 24 24 24l176 0c13.3 0 24-10.7 24-24s-10.7-24-24-24l-176 0z\"><\/path><\/svg><\/span><strong> FACTURATION<\/strong><\/td><\/tr><\/tbody><\/table><\/figure>\n\n\n\n<p class=\"has-very-dark-gray-color has-text-color\">Le Cabinet facture ses interventions selon diff\u00e9rentes modalit\u00e9s, d\u00e9cid\u00e9es avec le client lors du premier rendez-vous :<\/p>\n\n\n\n<ul class=\"wp-block-list\">\n<li><strong>au taux horaire<\/strong> : l&rsquo;avocat indique alors au client aussi pr\u00e9cis\u00e9ment que possible le temps estim\u00e9 au traitement de son dossier.<\/li>\n\n\n\n<li><strong>au forfait<\/strong> : pour certaines proc\u00e9dures et activit\u00e9s de conseils ne pr\u00e9sentant pas de complexit\u00e9s particuli\u00e8res ni d&rsquo;al\u00e9as majeurs. Le montant arr\u00eat\u00e9 est global et d\u00e9finitif.<\/li>\n\n\n\n<li><strong>au r\u00e9sultat<\/strong> : l&rsquo;honoraire est alors dit compl\u00e9mentaire en fonction du r\u00e9sultat obtenu. Librement n\u00e9goci\u00e9 avec le client, il repr\u00e9sente un pourcentage du profit r\u00e9alis\u00e9 (gain obtenu) en faveur du client ou des pertes \u00e9vit\u00e9es (\u00e9conomie r\u00e9alis\u00e9e). <\/li>\n<\/ul>\n\n\n\n<p>Au cours de sa mission, l&rsquo;avocat informe r\u00e9guli\u00e8rement son client de l&rsquo;\u00e9volution du montant de ces honoraires, frais, d\u00e9bours et \u00e9moluments. <\/p>\n\n\n\n<p>Sauf urgence, <strong>une convention d&rsquo;honoraire est obligatoirement sign\u00e9e pr\u00e9alablement \u00e0 l&rsquo;intervention de l&rsquo;avocat.<\/strong> Elle pr\u00e9cise la mission confi\u00e9e \u00e0 l&rsquo;avocat et les conditions de sa r\u00e9mun\u00e9ration.<\/p>\n\n\n\n<figure class=\"wp-block-table\"><table><tbody><tr><td><\/td><\/tr><tr><td><span class=\"wp-rich-text-font-awesome-icon wp-font-awesome-icon\"><svg aria-hidden=\"true\" focusable=\"false\" data-prefix=\"fas\" data-icon=\"coins\" class=\"svg-inline--fa fa-coins \" role=\"img\" xmlns=\"http:\/\/www.w3.org\/2000\/svg\" viewBox=\"0 0 512 512\"><path fill=\"currentColor\" d=\"M128 96l0-16c0-44.2 86-80 192-80S512 35.8 512 80l0 16c0 30.6-41.3 57.2-102 70.7-2.4-2.8-4.9-5.5-7.4-8-15.5-15.3-35.5-26.9-56.4-35.5-41.9-17.5-96.5-27.1-154.2-27.1-21.9 0-43.3 1.4-63.8 4.1-.2-1.3-.2-2.7-.2-4.1zM432 353l0-46.2c15.1-3.9 29.3-8.5 42.2-13.9 13.2-5.5 26.1-12.2 37.8-20.3l0 15.4c0 26.8-31.5 50.5-80 65zm0-96l0-33c0-4.5-.4-8.8-1-13 15.5-3.9 30-8.6 43.2-14.2s26.1-12.2 37.8-20.3l0 15.4c0 26.8-31.5 50.5-80 65zM0 240l0-16c0-44.2 86-80 192-80s192 35.8 192 80l0 16c0 44.2-86 80-192 80S0 284.2 0 240zm384 96c0 44.2-86 80-192 80S0 380.2 0 336l0-15.4c11.6 8.1 24.5 14.7 37.8 20.3 41.9 17.5 96.5 27.1 154.2 27.1s112.3-9.7 154.2-27.1c13.2-5.5 26.1-12.2 37.8-20.3l0 15.4zm0 80.6l0 15.4c0 44.2-86 80-192 80S0 476.2 0 432l0-15.4c11.6 8.1 24.5 14.7 37.8 20.3 41.9 17.5 96.5 27.1 154.2 27.1s112.3-9.7 154.2-27.1c13.2-5.5 26.1-12.2 37.8-20.3z\"><\/path><\/svg><\/span><strong> FRAIS ET D\u00c9BOURS<\/strong><\/td><\/tr><\/tbody><\/table><\/figure>\n\n\n\n<p>Les frais et d\u00e9bours (droit de plaidoirie, actes d&rsquo;huissier, frais de d\u00e9placement, d&rsquo;expertise, etc.) expos\u00e9s par l&rsquo;avocat dans le cadre de sa mission sont ind\u00e9pendants des honoraires et sont \u00e0 la charge du client. Ils sont factur\u00e9s \u00e0 leur co\u00fbt r\u00e9el.<\/p>\n\n\n\n<p><\/p>\n","protected":false},"excerpt":{"rendered":"<p>Les honoraires sont libres et fix\u00e9s en accord avec le client. Il est notamment tenu compte de la nature du dossier, de sa complexit\u00e9, de la situation personnelle du client et des frais expos\u00e9s par le Cabinet, conform\u00e9ment aux principes qui r\u00e9gissent la profession. Le paiement des honoraires s\u2019effectue au fur et \u00e0 mesure de &hellip; <\/p>\n<p class=\"link-more\"><a href=\"https:\/\/www.durgun-avocat.fr\/index.php\/honoraires\/\" class=\"more-link\">Continuer la lecture<span class=\"screen-reader-text\"> de &laquo;&nbsp;Honoraires&nbsp;&raquo;<\/span><\/a><\/p>\n","protected":false},"author":1,"featured_media":0,"parent":0,"menu_order":0,"comment_status":"closed","ping_status":"closed","template":"","meta":{"footnotes":""},"class_list":["post-61","page","type-page","status-publish","hentry"],"_links":{"self":[{"href":"https:\/\/www.durgun-avocat.fr\/index.php\/wp-json\/wp\/v2\/pages\/61","targetHints":{"allow":["GET"]}}],"collection":[{"href":"https:\/\/www.durgun-avocat.fr\/index.php\/wp-json\/wp\/v2\/pages"}],"about":[{"href":"https:\/\/www.durgun-avocat.fr\/index.php\/wp-json\/wp\/v2\/types\/page"}],"author":[{"embeddable":true,"href":"https:\/\/www.durgun-avocat.fr\/index.php\/wp-json\/wp\/v2\/users\/1"}],"replies":[{"embeddable":true,"href":"https:\/\/www.durgun-avocat.fr\/index.php\/wp-json\/wp\/v2\/comments?post=61"}],"version-history":[{"count":35,"href":"https:\/\/www.durgun-avocat.fr\/index.php\/wp-json\/wp\/v2\/pages\/61\/revisions"}],"predecessor-version":[{"id":548,"href":"https:\/\/www.durgun-avocat.fr\/index.php\/wp-json\/wp\/v2\/pages\/61\/revisions\/548"}],"wp:attachment":[{"href":"https:\/\/www.durgun-avocat.fr\/index.php\/wp-json\/wp\/v2\/media?parent=61"}],"curies":[{"name":"wp","href":"https:\/\/api.w.org\/{rel}","templated":true}]}}