{"id":93,"date":"2019-06-13T10:29:53","date_gmt":"2019-06-13T08:29:53","guid":{"rendered":"http:\/\/durgun-avocat.fr\/?page_id=93"},"modified":"2025-12-01T17:40:37","modified_gmt":"2025-12-01T16:40:37","slug":"mentions-legales-2","status":"publish","type":"page","link":"https:\/\/www.durgun-avocat.fr\/index.php\/mentions-legales-2\/","title":{"rendered":"Mentions l\u00e9gales"},"content":{"rendered":"\n<p class=\"has-text-color\" style=\"color:#390047\"><strong>\u00c9diteur &#8211; Directeur de la publication<\/strong><\/p>\n\n\n\n<p>Le site www.durgun-avocat.fr est \u00e9dit\u00e9 par Aysel DURGUN, avocate, domicili\u00e9e 16 Quai Kl\u00e9ber 67000 STRASBOURG. Email : contact@durgun-avocat.fr<\/p>\n\n\n\n<p class=\"has-text-color\" style=\"color:#390047\"><strong>H\u00e9bergeur<\/strong><\/p>\n\n\n\n<p>Le site www.durgun-avocat.fr est h\u00e9berg\u00e9 par OVH, 2 rue Kellermann, BP-80157 59053 ROUBAIX Cedex 1 &#8211; FRANCE. Pour le contacter :  <a href=\"https:\/\/www.ovh.com\/fr\/support\/nous-contacter\/\" target=\"_blank\" rel=\"noreferrer noopener\" aria-label=\"https:\/\/www.ovh.com\/fr\/support\/nous-contacter\/ (s\u2019ouvre dans un nouvel onglet)\">https:\/\/www.ovh.com\/fr\/support\/nous-contacter\/<\/a> <\/p>\n\n\n\n<p class=\"has-text-color\" style=\"color:#390047\"><strong>Droits d&rsquo;auteur et propri\u00e9t\u00e9 intellectuelle<\/strong><\/p>\n\n\n\n<p>Ce site est r\u00e9gi par  par la r\u00e9glementation en vigueur sur le droit d\u2019auteur et la propri\u00e9t\u00e9 intellectuelle. Tous les droits de reproduction sont r\u00e9serv\u00e9s y compris les documents  t\u00e9l\u00e9chargeables et les repr\u00e9sentations iconographiques. Il est interdit  de reproduire, pour un usage autre que priv\u00e9, vendre, distribuer,  \u00e9mettre, diffuser, adapter, modifier, publier, communiquer int\u00e9gralement  ou partiellement, sous quelque forme que ce soit, les donn\u00e9es, la  pr\u00e9sentation ou l\u2019organisation du site sans autorisation pr\u00e9alable  \u00e9crite de l&rsquo;\u00e9diteur du site.<\/p>\n\n\n\n<p>L\u2019\u00e9tablissement de liens hypertextes profonds sur le site est interdit sans l\u2019accord expr\u00e8s et pr\u00e9alable de  l\u2019\u00e9diteur du site durgun-avocat.fr. <\/p>\n\n\n\n<p>Cr\u00e9dit photo : Darya PALCHIKOVA<\/p>\n\n\n\n<p class=\"has-text-color\" style=\"color:#390047\"><strong>Traitement des donn\u00e9es personnelles<\/strong><\/p>\n\n\n\n<p>Aysel DURGUN est responsable du traitement des informations \u00e0 caract\u00e8re personnel collect\u00e9es sur le site www.durgun-avocat.fr \u00e0 travers le formulaire de contact (nom, pr\u00e9nom, t\u00e9l\u00e9phone, adresse \u00e9lectronique).  Le traitement est effectu\u00e9 conform\u00e9ment au R\u00e8glement g\u00e9n\u00e9ral sur la  protection des donn\u00e9es (RGPD) et \u00e0 la Loi n\u00b0 78-17 du 16 janvier 1978  relative \u00e0 l&rsquo;informatique, aux fichiers et aux libert\u00e9s modifi\u00e9e (dite Loi  informatique et Libert\u00e9s). <\/p>\n\n\n\n<p>Ces informations nous permettent de vous identifier et de r\u00e9pondre \u00e0 votre demande. Elles sont exclusivement utilis\u00e9es par l&rsquo;\u00e9diteur dans le cadre de la relation client et ne font l&rsquo;objet d&rsquo;aucune cession, location ou \u00e9change au profit d&rsquo;un tiers. <\/p>\n\n\n\n<p>Vous disposez d&rsquo;un droit d&rsquo;acc\u00e8s, de rectification, d&rsquo;opposition, et d&rsquo;effacement sur les donn\u00e9es nominatives vous concernant que vous pouvez exercer en nous adressant un email \u00e0 l&rsquo;adresse contact@durgun-avocat.fr ou par voie postale \u00e0 l&rsquo;adresse de l&rsquo;\u00e9diteur figurant ci-dessus (joindre la copie d&rsquo;une pi\u00e8ce d&rsquo;identit\u00e9 \u00e0 votre demande).<\/p>\n\n\n\n<p>Pour toute information compl\u00e9mentaire, vous pouvez consulter le site de la Commission Nationale de l&rsquo;Informatique et des Libert\u00e9s (<a rel=\"noreferrer noopener\" aria-label=\"www.cnil.fr (s\u2019ouvre dans un nouvel onglet)\" href=\"https:\/\/www.cnil.fr\" target=\"_blank\">www.cnil.fr<\/a>)<\/p>\n\n\n\n<p class=\"has-text-color\" style=\"color:#390047\"><strong>Cookies<\/strong><\/p>\n\n\n\n<p>Les cookies sont des traceurs d\u00e9pos\u00e9s et lus, par exemple, lors de la consultation du site internet du cabinet d&rsquo;avocat ou lors de la lecture d&rsquo;un email, et ce quel que soit le terminal utilis\u00e9 (ordinateur, tablette, smartphone, etc.). <\/p>\n\n\n\n<p>En consultant le site www.durgun-avocat.fr, des cookies \u00e9manant de la soci\u00e9t\u00e9 h\u00e9bergeur du site et\/ou des soci\u00e9t\u00e9s tiers pourront \u00eatre d\u00e9pos\u00e9s. Par exemple : cookies de mesure d&rsquo;audience par Google, cookies r\u00e9seaux sociaux g\u00e9n\u00e9r\u00e9s par les boutons de partage, cookies WordPress destin\u00e9es \u00e0 am\u00e9liorer le bon fonctionnement du site, etc.<\/p>\n\n\n\n<p>En poursuivant la navigation sur le site, un bandeau d&rsquo;information pr\u00e9alable appara\u00eetra par lequel vous consentez \u00e0 l&rsquo;utilisation de cookies sur votre terminal.  Le consentement donn\u00e9 est valable pour une p\u00e9riode de treize mois (dur\u00e9e de vie maximale d&rsquo;un cookie).  <\/p>\n\n\n\n<p>L\u2019utilisateur a la possibilit\u00e9 de d\u00e9sactiver les cookies \u00e0 partir des  param\u00e8tres de son navigateur. Dans ce cas, la navigation sur le site internet peut s&rsquo;en trouver affecter et nous d\u00e9clinons toute responsabilit\u00e9 pour les cons\u00e9quences li\u00e9es au fonctionnement d\u00e9grad\u00e9 du site. <\/p>\n\n\n\n<p class=\"has-text-color\" style=\"color:#390047\"><strong>Contenu embarqu\u00e9 depuis d\u2019autres sites<\/strong><\/p>\n\n\n\n<p>Les articles de ce \nsite peuvent inclure des contenus int\u00e9gr\u00e9s (par exemple des vid\u00e9os, \nimages, articles\u2026). Le contenu int\u00e9gr\u00e9 depuis d\u2019autres sites se comporte\n de la m\u00eame mani\u00e8re que si le visiteur se rendait sur cet autre site.<\/p>\n\n\n\n<p>Ces\n sites web pourraient collecter des donn\u00e9es sur vous, utiliser des \ncookies, embarquer des outils de suivis tiers, suivre vos interactions \navec ces contenus embarqu\u00e9s si vous disposez d\u2019un compte connect\u00e9 sur \nleur site web.<\/p>\n","protected":false},"excerpt":{"rendered":"<p>\u00c9diteur &#8211; Directeur de la publication Le site www.durgun-avocat.fr est \u00e9dit\u00e9 par Aysel DURGUN, avocate, domicili\u00e9e 16 Quai Kl\u00e9ber 67000 STRASBOURG. Email : contact@durgun-avocat.fr H\u00e9bergeur Le site www.durgun-avocat.fr est h\u00e9berg\u00e9 par OVH, 2 rue Kellermann, BP-80157 59053 ROUBAIX Cedex 1 &#8211; FRANCE. Pour le contacter : https:\/\/www.ovh.com\/fr\/support\/nous-contacter\/ Droits d&rsquo;auteur et propri\u00e9t\u00e9 intellectuelle Ce site est &hellip; <\/p>\n<p class=\"link-more\"><a href=\"https:\/\/www.durgun-avocat.fr\/index.php\/mentions-legales-2\/\" class=\"more-link\">Continuer la lecture<span class=\"screen-reader-text\"> de &laquo;&nbsp;Mentions l\u00e9gales&nbsp;&raquo;<\/span><\/a><\/p>\n","protected":false},"author":1,"featured_media":0,"parent":0,"menu_order":0,"comment_status":"closed","ping_status":"closed","template":"","meta":{"footnotes":""},"class_list":["post-93","page","type-page","status-publish","hentry"],"_links":{"self":[{"href":"https:\/\/www.durgun-avocat.fr\/index.php\/wp-json\/wp\/v2\/pages\/93","targetHints":{"allow":["GET"]}}],"collection":[{"href":"https:\/\/www.durgun-avocat.fr\/index.php\/wp-json\/wp\/v2\/pages"}],"about":[{"href":"https:\/\/www.durgun-avocat.fr\/index.php\/wp-json\/wp\/v2\/types\/page"}],"author":[{"embeddable":true,"href":"https:\/\/www.durgun-avocat.fr\/index.php\/wp-json\/wp\/v2\/users\/1"}],"replies":[{"embeddable":true,"href":"https:\/\/www.durgun-avocat.fr\/index.php\/wp-json\/wp\/v2\/comments?post=93"}],"version-history":[{"count":24,"href":"https:\/\/www.durgun-avocat.fr\/index.php\/wp-json\/wp\/v2\/pages\/93\/revisions"}],"predecessor-version":[{"id":553,"href":"https:\/\/www.durgun-avocat.fr\/index.php\/wp-json\/wp\/v2\/pages\/93\/revisions\/553"}],"wp:attachment":[{"href":"https:\/\/www.durgun-avocat.fr\/index.php\/wp-json\/wp\/v2\/media?parent=93"}],"curies":[{"name":"wp","href":"https:\/\/api.w.org\/{rel}","templated":true}]}}